{"id":170,"date":"2024-02-13T15:26:28","date_gmt":"2024-02-13T15:26:28","guid":{"rendered":"https:\/\/swiatokiemdziecka.pl\/?page_id=170"},"modified":"2024-02-13T15:28:56","modified_gmt":"2024-02-13T15:28:56","slug":"blog","status":"publish","type":"page","link":"https:\/\/swiatokiemdziecka.pl\/index.php\/blog\/","title":{"rendered":"Blog"},"content":{"rendered":"\n<div class=\"wp-block-query has-global-padding is-layout-constrained wp-block-query-is-layout-constrained\">\n\n\n<div class=\"wp-block-group is-layout-flow wp-block-group-is-layout-flow\" style=\"margin-top:0;margin-bottom:0;padding-top:var(--wp--preset--spacing--50);padding-right:0;padding-bottom:var(--wp--preset--spacing--50);padding-left:0\"><ul class=\"alignfull wp-block-post-template is-layout-flow wp-container-core-post-template-is-layout-09c064ec wp-block-post-template-is-layout-flow\"><li class=\"wp-block-post post-338 post type-post status-publish format-standard hentry category-maluszkowe-abc\">\n\n\n\n<div class=\"wp-block-group is-vertical is-nowrap is-layout-flex wp-container-core-group-is-layout-9bc6ff26 wp-block-group-is-layout-flex\"><h2 style=\"margin-bottom:0;\" class=\"wp-block-post-title has-x-large-font-size\"><a href=\"https:\/\/swiatokiemdziecka.pl\/index.php\/2024\/05\/07\/zmysl-dotyku-i-jego-znaczenie-w-rozwoju-dziecka\/\" target=\"_self\" >Zmys\u0142 dotyku i jego znaczenie w rozwoju dziecka&#8230;<\/a><\/h2>\n\n<div class=\"wp-block-template-part\">\n\n<div class=\"wp-block-group has-global-padding is-layout-constrained wp-block-group-is-layout-constrained\">\n\t\n\t<div class=\"wp-block-group is-content-justification-left is-layout-flex wp-container-core-group-is-layout-dfe8e91f wp-block-group-is-layout-flex\">\n\t\t<div class=\"wp-block-post-date\"><time datetime=\"2024-05-07T18:41:04+01:00\"><a href=\"https:\/\/swiatokiemdziecka.pl\/index.php\/2024\/05\/07\/zmysl-dotyku-i-jego-znaczenie-w-rozwoju-dziecka\/\">maj 7, 2024<\/a><\/time><\/div>\n\n\t\t\n\t\t<p class=\"has-contrast-2-color has-text-color\">\u2014<\/p>\n\t\t\n\n\t\t\n\t\t<p class=\"has-small-font-size has-contrast-2-color has-text-color\">by<\/p>\n\t\t\n\n\t\t<div class=\"wp-block-post-author-name\"><a href=\"https:\/\/swiatokiemdziecka.pl\/index.php\/author\/julia\/\" target=\"_self\" class=\"wp-block-post-author-name__link\">Julia<\/a><\/div>\n\n\t\t<div class=\"taxonomy-category wp-block-post-terms\"><span class=\"wp-block-post-terms__prefix\">in <\/span><a href=\"https:\/\/swiatokiemdziecka.pl\/index.php\/category\/maluszkowe-abc\/\" rel=\"tag\">Maluszkowe ABC<\/a><\/div>\n\n\t<\/div>\n\t\n<\/div>\n\n\n<\/div>\n\n<div class=\"wp-block-post-excerpt has-small-font-size\"><p class=\"wp-block-post-excerpt__excerpt\">&#8222;Istniej\u0105 dwa rodzaje dotyku, kt\u00f3re pami\u0119ta si\u0119 przez ca\u0142e \u017cycie: pierwszy raz, kiedy ukochana osoba mu\u015bnie twoj\u0105 d\u0142o\u0144, i ten, kiedy twoje nowo narodzone dziecko chwyci ci\u0119 za palec. W obu przypadkach jeste\u015bcie ze sob\u0105 zwi\u0105zani ju\u017c na wieczno\u015b\u0107.&#8222; Alyson Richman Niezaprzeczalna prawda jest taka, \u017ce wi\u0119kszo\u015b\u0107 dzieci uwielbia by\u0107 trzymana na r\u0119kach, tulona, ko\u0142ysana&#8230;Kiedy&hellip; <\/p><\/div>\n\n\n<div style=\"height:0px\" aria-hidden=\"true\" class=\"wp-block-spacer wp-container-content-32e3a40d\"><\/div>\n<\/div>\n\n<\/li><li class=\"wp-block-post post-304 post type-post status-publish format-standard hentry category-maluszkowe-abc\">\n\n\n\n<div class=\"wp-block-group is-vertical is-nowrap is-layout-flex wp-container-core-group-is-layout-9bc6ff26 wp-block-group-is-layout-flex\"><h2 style=\"margin-bottom:0;\" class=\"wp-block-post-title has-x-large-font-size\"><a href=\"https:\/\/swiatokiemdziecka.pl\/index.php\/2024\/04\/28\/czy-dzieci-naprawde-tak-kochaja-dzwiek-muzyki-jak-ksztaltuje-sie-sluch\/\" target=\"_self\" >Czy dzieci naprawd\u0119 tak kochaj\u0105 d\u017awi\u0119k muzyki? Jak kszta\u0142tuje si\u0119 s\u0142uch&#8230;<\/a><\/h2>\n\n<div class=\"wp-block-template-part\">\n\n<div class=\"wp-block-group has-global-padding is-layout-constrained wp-block-group-is-layout-constrained\">\n\t\n\t<div class=\"wp-block-group is-content-justification-left is-layout-flex wp-container-core-group-is-layout-dfe8e91f wp-block-group-is-layout-flex\">\n\t\t<div class=\"wp-block-post-date\"><time datetime=\"2024-04-28T09:38:21+01:00\"><a href=\"https:\/\/swiatokiemdziecka.pl\/index.php\/2024\/04\/28\/czy-dzieci-naprawde-tak-kochaja-dzwiek-muzyki-jak-ksztaltuje-sie-sluch\/\">kwi 28, 2024<\/a><\/time><\/div>\n\n\t\t\n\t\t<p class=\"has-contrast-2-color has-text-color\">\u2014<\/p>\n\t\t\n\n\t\t\n\t\t<p class=\"has-small-font-size has-contrast-2-color has-text-color\">by<\/p>\n\t\t\n\n\t\t<div class=\"wp-block-post-author-name\"><a href=\"https:\/\/swiatokiemdziecka.pl\/index.php\/author\/julia\/\" target=\"_self\" class=\"wp-block-post-author-name__link\">Julia<\/a><\/div>\n\n\t\t<div class=\"taxonomy-category wp-block-post-terms\"><span class=\"wp-block-post-terms__prefix\">in <\/span><a href=\"https:\/\/swiatokiemdziecka.pl\/index.php\/category\/maluszkowe-abc\/\" rel=\"tag\">Maluszkowe ABC<\/a><\/div>\n\n\t<\/div>\n\t\n<\/div>\n\n\n<\/div>\n\n<div class=\"wp-block-post-excerpt has-small-font-size\"><p class=\"wp-block-post-excerpt__excerpt\">\u201eUcha nadstawiam, s\u0142ucham jak gra. Muzyka we mnie \u2013 w muzyce ja\u201d. Anna Maria Jopek Ma\u0142e dzieci uwielbiaj\u0105 muzyk\u0119, poci\u0105ga je ju\u017c od dnia narodzin, dlatego ko\u0142ysanki i wiersze dzia\u0142aj\u0105 na maluchy tak uspakajaj\u0105co. Ju\u017c na samym pocz\u0105tku, tu\u017c po przyj\u015bciu na \u015bwiat zmys\u0142 s\u0142uchu jest pod wieloma wzgl\u0119dami bardzo dobrze rozwini\u0119ty. Struktury nerwowe, od&hellip; <\/p><\/div>\n\n\n<div style=\"height:0px\" aria-hidden=\"true\" class=\"wp-block-spacer wp-container-content-32e3a40d\"><\/div>\n<\/div>\n\n<\/li><li class=\"wp-block-post post-288 post type-post status-publish format-standard hentry category-maluszkowe-abc\">\n\n\n\n<div class=\"wp-block-group is-vertical is-nowrap is-layout-flex wp-container-core-group-is-layout-9bc6ff26 wp-block-group-is-layout-flex\"><h2 style=\"margin-bottom:0;\" class=\"wp-block-post-title has-x-large-font-size\"><a href=\"https:\/\/swiatokiemdziecka.pl\/index.php\/2024\/04\/18\/swiat-okiem-dziecka-czyli-jak-zmienia-sie-widzenie-od-narodzin-przez-kolejne-miesiace\/\" target=\"_self\" >\u015awiat okiem dziecka, czyli jak zmienia si\u0119 widzenie od narodzin przez kolejne miesi\u0105ce&#8230;<\/a><\/h2>\n\n<div class=\"wp-block-template-part\">\n\n<div class=\"wp-block-group has-global-padding is-layout-constrained wp-block-group-is-layout-constrained\">\n\t\n\t<div class=\"wp-block-group is-content-justification-left is-layout-flex wp-container-core-group-is-layout-dfe8e91f wp-block-group-is-layout-flex\">\n\t\t<div class=\"wp-block-post-date\"><time datetime=\"2024-04-18T09:07:25+01:00\"><a href=\"https:\/\/swiatokiemdziecka.pl\/index.php\/2024\/04\/18\/swiat-okiem-dziecka-czyli-jak-zmienia-sie-widzenie-od-narodzin-przez-kolejne-miesiace\/\">kwi 18, 2024<\/a><\/time><\/div>\n\n\t\t\n\t\t<p class=\"has-contrast-2-color has-text-color\">\u2014<\/p>\n\t\t\n\n\t\t\n\t\t<p class=\"has-small-font-size has-contrast-2-color has-text-color\">by<\/p>\n\t\t\n\n\t\t<div class=\"wp-block-post-author-name\"><a href=\"https:\/\/swiatokiemdziecka.pl\/index.php\/author\/julia\/\" target=\"_self\" class=\"wp-block-post-author-name__link\">Julia<\/a><\/div>\n\n\t\t<div class=\"taxonomy-category wp-block-post-terms\"><span class=\"wp-block-post-terms__prefix\">in <\/span><a href=\"https:\/\/swiatokiemdziecka.pl\/index.php\/category\/maluszkowe-abc\/\" rel=\"tag\">Maluszkowe ABC<\/a><\/div>\n\n\t<\/div>\n\t\n<\/div>\n\n\n<\/div>\n\n<div class=\"wp-block-post-excerpt has-small-font-size\"><p class=\"wp-block-post-excerpt__excerpt\">\u201eCa\u0142a moc \u015bwiata jest zawarta w oczach.\u201d Michael Wincott Czy zastanawia\u0142a\u015b\/e\u015b si\u0119 kiedy\u015b jak i co widzi Twoje dziecko tu\u017c po urodzeniu? A mo\u017ce interesuje Ci\u0119 kiedy tak naprawd\u0119 ten wa\u017cny dla cz\u0142owieka zmys\u0142 zaczyna si\u0119 kszta\u0142towa\u0107? Je\u015bli tak, to w\u0142a\u015bnie w tym wpisie znajdziesz (mam nadziej\u0119) kilka ciekawych rzeczy dotycz\u0105cych zmys\u0142u wzroku. Tego kiedy&hellip; <\/p><\/div>\n\n\n<div style=\"height:0px\" aria-hidden=\"true\" class=\"wp-block-spacer wp-container-content-32e3a40d\"><\/div>\n<\/div>\n\n<\/li><\/ul>\n\n\n<div style=\"margin-top:0;margin-bottom:0;height:var(--wp--preset--spacing--50)\" aria-hidden=\"true\" class=\"wp-block-spacer\"><\/div>\n\n\n<nav class=\"wp-block-query-pagination is-content-justification-space-between is-layout-flex wp-container-core-query-pagination-is-layout-b2891da8 wp-block-query-pagination-is-layout-flex\" aria-label=\"Stronicowanie\">\n\n\n<a href=\"\/index.php\/wp-json\/wp\/v2\/pages\/170?query-21-page=2\" class=\"wp-block-query-pagination-next\">Nast\u0119pna strona<span class='wp-block-query-pagination-next-arrow is-arrow-arrow' aria-hidden='true'>\u2192<\/span><\/a>\n<\/nav><\/div>\n<\/div>\n","protected":false},"excerpt":{"rendered":"","protected":false},"author":1,"featured_media":0,"parent":0,"menu_order":0,"comment_status":"closed","ping_status":"closed","template":"","meta":{"footnotes":""},"class_list":["post-170","page","type-page","status-publish","hentry"],"_links":{"self":[{"href":"https:\/\/swiatokiemdziecka.pl\/index.php\/wp-json\/wp\/v2\/pages\/170","targetHints":{"allow":["GET"]}}],"collection":[{"href":"https:\/\/swiatokiemdziecka.pl\/index.php\/wp-json\/wp\/v2\/pages"}],"about":[{"href":"https:\/\/swiatokiemdziecka.pl\/index.php\/wp-json\/wp\/v2\/types\/page"}],"author":[{"embeddable":true,"href":"https:\/\/swiatokiemdziecka.pl\/index.php\/wp-json\/wp\/v2\/users\/1"}],"replies":[{"embeddable":true,"href":"https:\/\/swiatokiemdziecka.pl\/index.php\/wp-json\/wp\/v2\/comments?post=170"}],"version-history":[{"count":2,"href":"https:\/\/swiatokiemdziecka.pl\/index.php\/wp-json\/wp\/v2\/pages\/170\/revisions"}],"predecessor-version":[{"id":174,"href":"https:\/\/swiatokiemdziecka.pl\/index.php\/wp-json\/wp\/v2\/pages\/170\/revisions\/174"}],"wp:attachment":[{"href":"https:\/\/swiatokiemdziecka.pl\/index.php\/wp-json\/wp\/v2\/media?parent=170"}],"curies":[{"name":"wp","href":"https:\/\/api.w.org\/{rel}","templated":true}]}}