{"id":26,"date":"2024-02-05T21:14:55","date_gmt":"2024-02-05T21:14:55","guid":{"rendered":"https:\/\/swiatokiemdziecka.pl\/?page_id=26"},"modified":"2024-02-13T09:00:42","modified_gmt":"2024-02-13T09:00:42","slug":"o-mnie","status":"publish","type":"page","link":"https:\/\/swiatokiemdziecka.pl\/index.php\/o-mnie\/","title":{"rendered":"O mnie"},"content":{"rendered":"\n<div class=\"wp-block-columns is-layout-flex wp-container-core-columns-is-layout-28f84493 wp-block-columns-is-layout-flex\">\n<div class=\"wp-block-column is-vertically-aligned-top is-layout-flow wp-block-column-is-layout-flow\" style=\"flex-basis:50%\">\n<div class=\"wp-block-columns is-layout-flex wp-container-core-columns-is-layout-28f84493 wp-block-columns-is-layout-flex\">\n<div class=\"wp-block-column is-vertically-aligned-stretch is-layout-flow wp-block-column-is-layout-flow\" style=\"flex-basis:100%\">\n<figure class=\"wp-block-image size-full is-resized is-style-rounded is-style-rounded--1\"><img loading=\"lazy\" decoding=\"async\" width=\"960\" height=\"960\" src=\"https:\/\/swiatokiemdziecka.pl\/wp-content\/uploads\/2024\/02\/305611616_10221559363795597_502254894634713053_n.jpg\" alt=\"\" class=\"wp-image-127\" style=\"object-fit:cover;width:413px;height:auto\" srcset=\"https:\/\/swiatokiemdziecka.pl\/wp-content\/uploads\/2024\/02\/305611616_10221559363795597_502254894634713053_n.jpg 960w, https:\/\/swiatokiemdziecka.pl\/wp-content\/uploads\/2024\/02\/305611616_10221559363795597_502254894634713053_n-300x300.jpg 300w, https:\/\/swiatokiemdziecka.pl\/wp-content\/uploads\/2024\/02\/305611616_10221559363795597_502254894634713053_n-150x150.jpg 150w, https:\/\/swiatokiemdziecka.pl\/wp-content\/uploads\/2024\/02\/305611616_10221559363795597_502254894634713053_n-768x768.jpg 768w\" sizes=\"auto, (max-width: 960px) 100vw, 960px\" \/><\/figure>\n<\/div>\n<\/div>\n<\/div>\n\n\n\n<div class=\"wp-block-column is-layout-flow wp-block-column-is-layout-flow\"><\/div>\n\n\n\n<div class=\"wp-block-column is-layout-flow wp-block-column-is-layout-flow\" style=\"flex-basis:50%\">\n<p>Mam na imi\u0119 Julia, prywatnie jestem spe\u0142nion\u0105 mam\u0105 dw\u00f3ch cudownych c\u00f3rek i synka (kt\u00f3ry czuwa nad nami z g\u00f3ry).Przez ca\u0142e doros\u0142e \u017cycie towarzysz\u0105 mi psy. Moim oczkiem w g\u0142owie jest 11-letni przekochany Golden Retriever, dzi\u0119ki kt\u00f3remu pr\u0119\u017cniej zacz\u0119\u0142am dzia\u0142a\u0107 w pracy z dzie\u0107mi.<\/p>\n\n\n\n<p>Zawodowo jestem magistrem fizjoterapii. Specjalizuj\u0119 si\u0119 w pracy z dzie\u0107mi, mo\u017cna powiedzie\u0107 ,\u017ce ju\u017c od dnia narodzin. Mam to szcz\u0119\u015bcie, \u017ce praca to moja pasja. \u0106wiczenia i kontakt z ma\u0142ymi pacjentami oraz ich rodzicami sprawiaj\u0105 mi bardzo du\u017co rado\u015bci i satysfakcji. Jednak to chyba sympatia i s\u0142abo\u015b\u0107 do &#8222;ma\u0142ych ludzi&#8221; ,kt\u00f3rzy dopiero wkraczaj\u0105 na drog\u0119 \u017cycia poza&#8221; bezpiecznym brzuchem mamy&#8221; jest dla mnie najwi\u0119ksz\u0105 motywacj\u0105 do dzia\u0142ania. Towarzyszenie im ,pomoc i przygl\u0105danie si\u0119 ,jak ucz\u0105 si\u0119 funkcjonowa\u0107 w zupe\u0142nie nowych warunkach, niejednokrotnie napotykaj\u0105c ju\u017c na starcie na najr\u00f3\u017cniejsze przeszkody, jest dla mnie fascynuj\u0105c\u0105 &#8222;przygod\u0105&#8221;.<br><\/p>\n\n\n\n<p>Druga z moich  g\u0142\u00f3wnych misji, poza bezpo\u015bredni\u0105 prac\u0105 z ma\u0142ymi pacjentami  to przeprowadzenie Was- rodzic\u00f3w, przez t\u0105 pi\u0119kn\u0105, ale niejednokrotnie now\u0105, trudn\u0105 i cz\u0119sto zaskakuj\u0105c\u0105 rzeczywisto\u015b\u0107, je\u015bli chodzi o rzeczy zwi\u0105zane z rozwojem Waszych pociech.<br><\/p>\n\n\n\n<p>Macierzy\u0144stwo otworzy\u0142o mi oczy na to, \u017ce w ca\u0142ych naszych staraniach o wszystko ,co najlepsze dla naszych pociech, musimy niezaprzeczalnie pami\u0119ta\u0107 o SOBIE.<br>&#8222;Szcz\u0119\u015bliwy rodzic= szcz\u0119\u015bliwe dziecko &#8221; i nie tylko o u\u015bmiech tu chodzi\u2026Dzieci czytaj\u0105 w nas emocje, jak w otwartej ksi\u0105\u017cce. Im bardziej zadbamy mentalnie o siebie ,tym lepsze warunki do harmonijnego rozwoju zapewnimy im.<\/p>\n<\/div>\n<\/div>\n\n\n\n<div style=\"height:52px\" aria-hidden=\"true\" class=\"wp-block-spacer\"><\/div>\n\n\n\n<div class=\"wp-block-columns is-layout-flex wp-container-core-columns-is-layout-28f84493 wp-block-columns-is-layout-flex\">\n<div class=\"wp-block-column is-layout-flow wp-block-column-is-layout-flow\">\n<p><strong>Wykszta\u0142cenie i do\u015bwiadczenie<\/strong><\/p>\n\n\n\n<p>W swojej pracy bazuj\u0119 na wiedzy zdobytej podczas 5 lat studi\u00f3w na Akademii Wychowania Fizycznego w Poznaniu, studi\u00f3w podyplomowych Fizjoterapia w Pediatrii w WSEiT w Poznaniu oraz wielu kurs\u00f3w poszerzaj\u0105cych wiedz\u0119 ,zar\u00f3wno teoretyczn\u0105 jak i praktyczn\u0105 w zakresie fizjoterapii pediatrycznej.<\/p>\n\n\n\n<p>W swojej praktyce zawodowej staram si\u0119 tak wykorzystywa\u0107 zdobyte umiej\u0119tno\u015bci, \u017ceby dostosowa\u0107 je jak najlepiej do mo\u017cliwo\u015bci danego dziecka. Bardzo wa\u017cny jest dla mnie komfort maluszka oraz jego bliskich.<\/p>\n\n\n\n<div style=\"height:114px\" aria-hidden=\"true\" class=\"wp-block-spacer\"><\/div>\n\n\n\n<p><strong>Uko\u0144czone kursy i szkolenia<\/strong><\/p>\n\n\n\n<p>Certyfikaty w zakresie studi\u00f3w podyplomowych Fizjoterapia w pediatrii:<\/p>\n\n\n\n<ul class=\"wp-block-list\">\n<li>Metoda Ruchu Rozwijaj\u0105cego W.Sherborne I stopnia <\/li>\n\n\n\n<li>Holenderskiej szko\u0142y masa\u017cu Shantala Special Care poziom podstawowy<\/li>\n\n\n\n<li>Integracji Odruch\u00f3w wed\u0142ug programu INPP w Chester<\/li>\n\n\n\n<li>Rehabilitacji oddechowej u dzieci<\/li>\n\n\n\n<li>Minimal Handling&#8217;u-opieki i piel\u0119gnacji dziecka<\/li>\n<\/ul>\n\n\n\n<p><strong>Inne Kursy i szkolenia:<\/strong><\/p>\n\n\n\n<ul class=\"wp-block-list\">\n<li>Kurs masa\u017cu klasycznego<\/li>\n\n\n\n<li>Kurs masa\u017cu g\u0142\u0119bokiego<\/li>\n\n\n\n<li>Instruktor Dyscypliny Sportu -p\u0142ywanie<\/li>\n\n\n\n<li>Szkolenie Terapia R\u0119ki I i II stopie\u0144<\/li>\n\n\n\n<li>Usprawnianie dzieci z deficytem neurologicznym w oparciu o wsp\u00f3\u0142czesne metody neurofizjologiczne oraz do\u015bwiadczenia w\u0142asne<\/li>\n\n\n\n<li>Kurs po\u015bwi\u0119cony dzieciom ze skolioz\u0105 oraz wadami postawy w oparciu o wsp\u00f3\u0142czesne metody neurofizjologiczne oraz do\u015bwiadczenia w\u0142asne<\/li>\n\n\n\n<li>Kurs po\u015bwi\u0119cony spastyczno\u015bci w oparciu o wsp\u00f3\u0142czesne metody neurofizjologiczne oraz do\u015bwiadczenia w\u0142asne<\/li>\n\n\n\n<li>Kurs podstawowy chustonoszenia ClauWi<\/li>\n\n\n\n<li>Kurs wprowadzaj\u0105cy, dotycz\u0105cy dzieci z zaburzeniami rozwojowymi w wieku od             0-2lat.Zasady g\u0142\u00f3wne oceny neurorozwojowej i interwencji terapeutycznej<\/li>\n\n\n\n<li>Tr\u00f3jp\u0142aszczyznowa terapia manualna wad st\u00f3p u dzieci na podstawach neurofizjologicznych- metoda &#8222;Zukunft-Huber&#8221;<\/li>\n\n\n\n<li>Konferencja szkoleniowa z zakresu &#8222;Rehabilitacji noworodk\u00f3w i niemowl\u0105t&#8221;(Warsztaty &#8222;dziecko wiotkie&#8221;, &#8222;Asymetria u\u0142o\u017ceniowa&#8221;<\/li>\n\n\n\n<li>Konferencja Wczesne Wspomaganie Rozwoju Dziecka-Warsztaty &#8222;Strategie terapeutyczne i ocena funkcjonalna dziecka przedwcze\u015bnie urodzonego&#8221;, &#8222;Spontaniczna ruchliwo\u015b\u0107 p\u0142odu, noworodka i niemowl\u0119cia :od mechanizm\u00f3w do zastosowania klinicznego&#8221;<\/li>\n\n\n\n<li>Kurs &#8222;Trudne&#8221; dziecko- diagnostyka, terapia i wspieranie rozwoju. Podej\u015bcie interdyscyplinarne.<\/li>\n\n\n\n<li>Kurs Osteopatia w Pediatrii i Neonatologii<\/li>\n\n\n\n<li>Szkolenie dla fizjoterapeut\u00f3w  &#8222;SensiMotor Baby basic&#8221;.Profilaktyka, funkcjonalna diagnoza i terapia sensomotoryczna niemowl\u0105t<\/li>\n\n\n\n<li>Kurs SI I i II stopnia<\/li>\n\n\n\n<li>Kurs Zoga Movement w terapii niemowl\u0105t<\/li>\n<\/ul>\n<\/div>\n\n\n\n<div class=\"wp-block-column is-layout-flow wp-block-column-is-layout-flow\">\n<div class=\"wp-block-columns is-layout-flex wp-container-core-columns-is-layout-28f84493 wp-block-columns-is-layout-flex\">\n<div class=\"wp-block-column is-layout-flow wp-block-column-is-layout-flow\" style=\"flex-basis:100%\">\n<figure class=\"wp-block-image is-resized is-style-rounded is-style-rounded--2\"><img loading=\"lazy\" decoding=\"async\" width=\"1127\" height=\"935\" src=\"https:\/\/swiatokiemdziecka.pl\/wp-content\/uploads\/2024\/02\/PSX_20240209_141156.jpg\" alt=\"\" class=\"wp-image-69\" style=\"width:574px;height:auto\" srcset=\"https:\/\/swiatokiemdziecka.pl\/wp-content\/uploads\/2024\/02\/PSX_20240209_141156.jpg 1127w, https:\/\/swiatokiemdziecka.pl\/wp-content\/uploads\/2024\/02\/PSX_20240209_141156-300x249.jpg 300w, https:\/\/swiatokiemdziecka.pl\/wp-content\/uploads\/2024\/02\/PSX_20240209_141156-1024x850.jpg 1024w, https:\/\/swiatokiemdziecka.pl\/wp-content\/uploads\/2024\/02\/PSX_20240209_141156-768x637.jpg 768w\" sizes=\"auto, (max-width: 1127px) 100vw, 1127px\" \/><\/figure>\n<\/div>\n<\/div>\n\n\n\n<div style=\"height:405px\" aria-hidden=\"true\" class=\"wp-block-spacer\"><\/div>\n\n\n\n<figure class=\"wp-block-image size-large is-resized is-style-rounded is-style-rounded--3\"><img loading=\"lazy\" decoding=\"async\" width=\"1024\" height=\"1024\" src=\"https:\/\/swiatokiemdziecka.pl\/wp-content\/uploads\/2024\/02\/PSX_20240120_140116-1024x1024.jpg\" alt=\"\" class=\"wp-image-101\" style=\"width:579px;height:auto\" srcset=\"https:\/\/swiatokiemdziecka.pl\/wp-content\/uploads\/2024\/02\/PSX_20240120_140116-1024x1024.jpg 1024w, https:\/\/swiatokiemdziecka.pl\/wp-content\/uploads\/2024\/02\/PSX_20240120_140116-300x300.jpg 300w, https:\/\/swiatokiemdziecka.pl\/wp-content\/uploads\/2024\/02\/PSX_20240120_140116-150x150.jpg 150w, https:\/\/swiatokiemdziecka.pl\/wp-content\/uploads\/2024\/02\/PSX_20240120_140116-768x768.jpg 768w, https:\/\/swiatokiemdziecka.pl\/wp-content\/uploads\/2024\/02\/PSX_20240120_140116-1536x1536.jpg 1536w, https:\/\/swiatokiemdziecka.pl\/wp-content\/uploads\/2024\/02\/PSX_20240120_140116-2048x2048.jpg 2048w\" sizes=\"auto, (max-width: 1024px) 100vw, 1024px\" \/><\/figure>\n<\/div>\n<\/div>\n","protected":false},"excerpt":{"rendered":"<p>Mam na imi\u0119 Julia, prywatnie jestem spe\u0142nion\u0105 mam\u0105 dw\u00f3ch cudownych c\u00f3rek i synka (kt\u00f3ry czuwa nad nami z g\u00f3ry).Przez ca\u0142e doros\u0142e \u017cycie towarzysz\u0105 mi psy. Moim oczkiem w g\u0142owie jest 11-letni przekochany Golden Retriever, dzi\u0119ki kt\u00f3remu pr\u0119\u017cniej zacz\u0119\u0142am dzia\u0142a\u0107 w pracy z dzie\u0107mi. Zawodowo jestem magistrem fizjoterapii. Specjalizuj\u0119 si\u0119 w pracy z dzie\u0107mi, mo\u017cna powiedzie\u0107 [&hellip;]<\/p>\n","protected":false},"author":1,"featured_media":0,"parent":0,"menu_order":0,"comment_status":"closed","ping_status":"closed","template":"","meta":{"footnotes":""},"class_list":["post-26","page","type-page","status-publish","hentry"],"_links":{"self":[{"href":"https:\/\/swiatokiemdziecka.pl\/index.php\/wp-json\/wp\/v2\/pages\/26","targetHints":{"allow":["GET"]}}],"collection":[{"href":"https:\/\/swiatokiemdziecka.pl\/index.php\/wp-json\/wp\/v2\/pages"}],"about":[{"href":"https:\/\/swiatokiemdziecka.pl\/index.php\/wp-json\/wp\/v2\/types\/page"}],"author":[{"embeddable":true,"href":"https:\/\/swiatokiemdziecka.pl\/index.php\/wp-json\/wp\/v2\/users\/1"}],"replies":[{"embeddable":true,"href":"https:\/\/swiatokiemdziecka.pl\/index.php\/wp-json\/wp\/v2\/comments?post=26"}],"version-history":[{"count":21,"href":"https:\/\/swiatokiemdziecka.pl\/index.php\/wp-json\/wp\/v2\/pages\/26\/revisions"}],"predecessor-version":[{"id":136,"href":"https:\/\/swiatokiemdziecka.pl\/index.php\/wp-json\/wp\/v2\/pages\/26\/revisions\/136"}],"wp:attachment":[{"href":"https:\/\/swiatokiemdziecka.pl\/index.php\/wp-json\/wp\/v2\/media?parent=26"}],"curies":[{"name":"wp","href":"https:\/\/api.w.org\/{rel}","templated":true}]}}