{"id":62,"date":"2024-02-09T09:32:20","date_gmt":"2024-02-09T09:32:20","guid":{"rendered":"https:\/\/swiatokiemdziecka.pl\/?page_id=62"},"modified":"2024-02-13T08:58:12","modified_gmt":"2024-02-13T08:58:12","slug":"fizjoterapia","status":"publish","type":"page","link":"https:\/\/swiatokiemdziecka.pl\/index.php\/fizjoterapia\/","title":{"rendered":"Fizjoterapia"},"content":{"rendered":"\n<p><strong>Prowadz\u0119 terapi\u0119 indywidualna dla niemowl\u0105t i starszych dzieci borykaj\u0105cych si\u0119 z :<\/strong><\/p>\n\n\n\n<ul class=\"wp-block-list\">\n<li>asymetri\u0105 u\u0142o\u017ceniow\u0105<\/li>\n\n\n\n<li> zaburzeniami napi\u0119cia mi\u0119\u015bniowego<\/li>\n\n\n\n<li>dzieci z problemami na tle neurologicznym oraz z chorobami genetycznymi<\/li>\n\n\n\n<li>dzieci z zaburzeniami na tle sensorycznym<\/li>\n<\/ul>\n\n\n\n<p><strong>Dodatkowo dla rodzic\u00f3w:<\/strong><\/p>\n\n\n\n<ul class=\"wp-block-list\">\n<li>praca nad prawid\u0142owym handlingiem i zabawami dostosowanymi do wieku dziecka<\/li>\n<\/ul>\n\n\n\n<div style=\"height:88px\" aria-hidden=\"true\" class=\"wp-block-spacer\"><\/div>\n\n\n\n<figure class=\"wp-block-image alignwide size-large is-style-rounded is-style-rounded--1\"><img loading=\"lazy\" decoding=\"async\" width=\"1024\" height=\"768\" src=\"https:\/\/swiatokiemdziecka.pl\/wp-content\/uploads\/2024\/02\/PSX_20220706_095429-1024x768.jpg\" alt=\"\" class=\"wp-image-105\" srcset=\"https:\/\/swiatokiemdziecka.pl\/wp-content\/uploads\/2024\/02\/PSX_20220706_095429-1024x768.jpg 1024w, https:\/\/swiatokiemdziecka.pl\/wp-content\/uploads\/2024\/02\/PSX_20220706_095429-300x225.jpg 300w, https:\/\/swiatokiemdziecka.pl\/wp-content\/uploads\/2024\/02\/PSX_20220706_095429-768x576.jpg 768w, https:\/\/swiatokiemdziecka.pl\/wp-content\/uploads\/2024\/02\/PSX_20220706_095429-1536x1152.jpg 1536w, https:\/\/swiatokiemdziecka.pl\/wp-content\/uploads\/2024\/02\/PSX_20220706_095429-2048x1536.jpg 2048w\" sizes=\"auto, (max-width: 1024px) 100vw, 1024px\" \/><\/figure>\n","protected":false},"excerpt":{"rendered":"<p>Prowadz\u0119 terapi\u0119 indywidualna dla niemowl\u0105t i starszych dzieci borykaj\u0105cych si\u0119 z : Dodatkowo dla rodzic\u00f3w:<\/p>\n","protected":false},"author":1,"featured_media":0,"parent":0,"menu_order":0,"comment_status":"closed","ping_status":"closed","template":"","meta":{"footnotes":""},"class_list":["post-62","page","type-page","status-publish","hentry"],"_links":{"self":[{"href":"https:\/\/swiatokiemdziecka.pl\/index.php\/wp-json\/wp\/v2\/pages\/62","targetHints":{"allow":["GET"]}}],"collection":[{"href":"https:\/\/swiatokiemdziecka.pl\/index.php\/wp-json\/wp\/v2\/pages"}],"about":[{"href":"https:\/\/swiatokiemdziecka.pl\/index.php\/wp-json\/wp\/v2\/types\/page"}],"author":[{"embeddable":true,"href":"https:\/\/swiatokiemdziecka.pl\/index.php\/wp-json\/wp\/v2\/users\/1"}],"replies":[{"embeddable":true,"href":"https:\/\/swiatokiemdziecka.pl\/index.php\/wp-json\/wp\/v2\/comments?post=62"}],"version-history":[{"count":7,"href":"https:\/\/swiatokiemdziecka.pl\/index.php\/wp-json\/wp\/v2\/pages\/62\/revisions"}],"predecessor-version":[{"id":132,"href":"https:\/\/swiatokiemdziecka.pl\/index.php\/wp-json\/wp\/v2\/pages\/62\/revisions\/132"}],"wp:attachment":[{"href":"https:\/\/swiatokiemdziecka.pl\/index.php\/wp-json\/wp\/v2\/media?parent=62"}],"curies":[{"name":"wp","href":"https:\/\/api.w.org\/{rel}","templated":true}]}}