{"id":76,"date":"2024-02-09T13:38:08","date_gmt":"2024-02-09T13:38:08","guid":{"rendered":"https:\/\/swiatokiemdziecka.pl\/?page_id=76"},"modified":"2024-02-13T09:03:31","modified_gmt":"2024-02-13T09:03:31","slug":"warsztaty","status":"publish","type":"page","link":"https:\/\/swiatokiemdziecka.pl\/index.php\/warsztaty\/","title":{"rendered":"Warsztaty"},"content":{"rendered":"\n<ul class=\"wp-block-list\">\n<li>Warsztaty indywidualne z prawid\u0142owego handlingu dla rodzic\u00f3w przygotowuj\u0105cych si\u0119 do przyj\u015bcia na \u015bwiat maluszka<\/li>\n\n\n\n<li>Warsztaty indywidualne z prawid\u0142owego handlingu dla  rodzic\u00f3w noworodk\u00f3w i maluch\u00f3w do 3 m.\u017c<\/li>\n\n\n\n<li>Warsztaty indywidualne z prawid\u0142owego handlingu dla rodzic\u00f3w maluszk\u00f3w od 3 do 6 m.\u017c<\/li>\n\n\n\n<li>Warsztaty indywidualne jak zabaw\u0105 i piel\u0119gnacj\u0105 wspomaga\u0107 maluszka  od 6 do 12 m.\u017c<\/li>\n<\/ul>\n\n\n\n<div style=\"height:56px\" aria-hidden=\"true\" class=\"wp-block-spacer\"><\/div>\n\n\n\n<figure class=\"wp-block-image aligncenter size-large is-resized is-style-rounded is-style-rounded--1\"><img loading=\"lazy\" decoding=\"async\" width=\"845\" height=\"1024\" src=\"https:\/\/swiatokiemdziecka.pl\/wp-content\/uploads\/2024\/02\/PSX_20220306_153659-1-845x1024.jpg\" alt=\"\" class=\"wp-image-115\" style=\"width:773px;height:auto\" srcset=\"https:\/\/swiatokiemdziecka.pl\/wp-content\/uploads\/2024\/02\/PSX_20220306_153659-1-845x1024.jpg 845w, https:\/\/swiatokiemdziecka.pl\/wp-content\/uploads\/2024\/02\/PSX_20220306_153659-1-248x300.jpg 248w, https:\/\/swiatokiemdziecka.pl\/wp-content\/uploads\/2024\/02\/PSX_20220306_153659-1-768x930.jpg 768w, https:\/\/swiatokiemdziecka.pl\/wp-content\/uploads\/2024\/02\/PSX_20220306_153659-1-1268x1536.jpg 1268w, https:\/\/swiatokiemdziecka.pl\/wp-content\/uploads\/2024\/02\/PSX_20220306_153659-1-1690x2048.jpg 1690w\" sizes=\"auto, (max-width: 845px) 100vw, 845px\" \/><\/figure>\n\n\n\n<blockquote class=\"wp-block-quote is-layout-flow wp-block-quote-is-layout-flow\">\n<p>&#8222;<strong>Prac\u0105 dziecka jest zabawa. Dzieci ucz\u0105 si\u0119 poprzez wszystko, co robi\u0105&#8221;<\/strong><\/p>\n<cite>Carolyn Hooper<\/cite><\/blockquote>\n","protected":false},"excerpt":{"rendered":"<p>&#8222;Prac\u0105 dziecka jest zabawa. Dzieci ucz\u0105 si\u0119 poprzez wszystko, co robi\u0105&#8221; Carolyn Hooper<\/p>\n","protected":false},"author":1,"featured_media":0,"parent":0,"menu_order":0,"comment_status":"closed","ping_status":"closed","template":"","meta":{"footnotes":""},"class_list":["post-76","page","type-page","status-publish","hentry"],"_links":{"self":[{"href":"https:\/\/swiatokiemdziecka.pl\/index.php\/wp-json\/wp\/v2\/pages\/76","targetHints":{"allow":["GET"]}}],"collection":[{"href":"https:\/\/swiatokiemdziecka.pl\/index.php\/wp-json\/wp\/v2\/pages"}],"about":[{"href":"https:\/\/swiatokiemdziecka.pl\/index.php\/wp-json\/wp\/v2\/types\/page"}],"author":[{"embeddable":true,"href":"https:\/\/swiatokiemdziecka.pl\/index.php\/wp-json\/wp\/v2\/users\/1"}],"replies":[{"embeddable":true,"href":"https:\/\/swiatokiemdziecka.pl\/index.php\/wp-json\/wp\/v2\/comments?post=76"}],"version-history":[{"count":7,"href":"https:\/\/swiatokiemdziecka.pl\/index.php\/wp-json\/wp\/v2\/pages\/76\/revisions"}],"predecessor-version":[{"id":141,"href":"https:\/\/swiatokiemdziecka.pl\/index.php\/wp-json\/wp\/v2\/pages\/76\/revisions\/141"}],"wp:attachment":[{"href":"https:\/\/swiatokiemdziecka.pl\/index.php\/wp-json\/wp\/v2\/media?parent=76"}],"curies":[{"name":"wp","href":"https:\/\/api.w.org\/{rel}","templated":true}]}}