{"id":82,"date":"2024-02-09T13:58:26","date_gmt":"2024-02-09T13:58:26","guid":{"rendered":"https:\/\/swiatokiemdziecka.pl\/?page_id=82"},"modified":"2024-02-09T13:58:26","modified_gmt":"2024-02-09T13:58:26","slug":"godziny-pracy","status":"publish","type":"page","link":"https:\/\/swiatokiemdziecka.pl\/index.php\/godziny-pracy\/","title":{"rendered":"Godziny pracy:"},"content":{"rendered":"\n<p><strong>Poniedzia\u0142ek<br>Wtorek<br>\u015aroda<br>Czwartek<br>Pi\u0105tek<br>Sobota<\/strong><\/p>\n","protected":false},"excerpt":{"rendered":"<p>Poniedzia\u0142ekWtorek\u015arodaCzwartekPi\u0105tekSobota<\/p>\n","protected":false},"author":1,"featured_media":0,"parent":0,"menu_order":0,"comment_status":"closed","ping_status":"closed","template":"","meta":{"footnotes":""},"class_list":["post-82","page","type-page","status-publish","hentry"],"_links":{"self":[{"href":"https:\/\/swiatokiemdziecka.pl\/index.php\/wp-json\/wp\/v2\/pages\/82","targetHints":{"allow":["GET"]}}],"collection":[{"href":"https:\/\/swiatokiemdziecka.pl\/index.php\/wp-json\/wp\/v2\/pages"}],"about":[{"href":"https:\/\/swiatokiemdziecka.pl\/index.php\/wp-json\/wp\/v2\/types\/page"}],"author":[{"embeddable":true,"href":"https:\/\/swiatokiemdziecka.pl\/index.php\/wp-json\/wp\/v2\/users\/1"}],"replies":[{"embeddable":true,"href":"https:\/\/swiatokiemdziecka.pl\/index.php\/wp-json\/wp\/v2\/comments?post=82"}],"version-history":[{"count":1,"href":"https:\/\/swiatokiemdziecka.pl\/index.php\/wp-json\/wp\/v2\/pages\/82\/revisions"}],"predecessor-version":[{"id":83,"href":"https:\/\/swiatokiemdziecka.pl\/index.php\/wp-json\/wp\/v2\/pages\/82\/revisions\/83"}],"wp:attachment":[{"href":"https:\/\/swiatokiemdziecka.pl\/index.php\/wp-json\/wp\/v2\/media?parent=82"}],"curies":[{"name":"wp","href":"https:\/\/api.w.org\/{rel}","templated":true}]}}